{"id":5514,"date":"2026-05-08T08:27:07","date_gmt":"2026-05-08T08:27:07","guid":{"rendered":"https:\/\/www.detente-et-clapotis.fr\/?page_id=5514"},"modified":"2026-05-08T10:15:51","modified_gmt":"2026-05-08T10:15:51","slug":"family-holidays-lake-paladru","status":"publish","type":"page","link":"https:\/\/www.detente-et-clapotis.fr\/en\/family-holidays-lake-paladru\/","title":{"rendered":"Family holidays at Lake Paladru"},"content":{"rendered":"<p><!-- {\"type\":\"layout\",\"children\":[{\"type\":\"section\",\"props\":{\"image_position\":\"top-right\",\"image_size\":\"width-1-1\",\"overlap\":false,\"padding_remove_horizontal\":true,\"padding_remove_horizontal_breakpoint\":\"m\",\"padding_remove_top\":false,\"style\":\"default\",\"title_breakpoint\":\"xl\",\"title_position\":\"top-left\",\"title_rotation\":\"left\",\"vertical_align\":\"\",\"width\":\"large\"},\"children\":[{\"type\":\"row\",\"props\":{\"layout\":\"1-3,2-3\",\"width\":\"large\"},\"children\":[{\"type\":\"column\",\"props\":{\"image_effect\":\"fixed\",\"image_position\":\"top-left\",\"image_size\":\"cover\",\"padding\":\"medium\",\"padding_breakpoint\":\"m\",\"style\":\"tile-default\",\"width_medium\":\"1-3\"},\"children\":[{\"type\":\"headline\",\"props\":{\"content\":\"Family holidays at Lake Paladru\",\"image_align\":\"left\",\"image_margin\":\"xsmall\",\"title_element\":\"h1\"}},{\"type\":\"text\",\"props\":{\"column_breakpoint\":\"m\",\"content\":\"\n\n<p>40 minutes from Grenoble and 1 hour from Lyon, Lake Paladru offers families a rare natural setting where everyone can truly reconnect. Beach, swimming, heated pool, playgrounds, large shaded pitches, comfortable family chalets \u2014 and for the big-thrills day, Walibi Rh\u00f4ne-Alpes theme park just 29 minutes away by car. D\u00e9tente et Clapotis is built for family holidays where children find their energy and parents find the calm of the lake.<\/p>\n\n\",\"margin\":\"default\",\"margin_bottom\":\"default\",\"margin_top\":\"default\",\"text_style\":\"lead\"}},{\"type\":\"list\",\"props\":{\"column_breakpoint\":\"m\",\"content_style\":\"h5\",\"image_align\":\"left\",\"image_height\":\"60\",\"image_svg_color\":\"emphasis\",\"image_vertical_align\":true,\"image_width\":\"60\",\"list_element\":\"ul\",\"list_horizontal_separator\":\", \",\"list_style\":\"divider\",\"list_type\":\"vertical\",\"show_image\":true,\"show_link\":false},\"children\":[{\"type\":\"list_item\",\"props\":{\"content\":\"\n\n<p>Large shaded pitches from 120 to 180 m\u00b2<\/p>\n\n\",\"icon\":\"ionicons-outline--leaf-outline\",\"icon_color\":\"primary\"}},{\"type\":\"list_item\",\"props\":{\"content\":\"\n\n<p>Heated swimming pool and playgrounds for children<\/p>\n\n\",\"icon\":\"ionicons-outline--happy-outline\"}},{\"type\":\"list_item\",\"props\":{\"content\":\"\n\n<p>Lake Paladru beach, swimming and water sports<\/p>\n\n\",\"icon\":\"ionicons-outline--water-outline\"}},{\"type\":\"list_item\",\"props\":{\"content\":\"\n\n<p>Family chalets sleeping 5 to 7, wooden terrace<\/p>\n\n\",\"icon\":\"bootstrap--house-heart\"}},{\"type\":\"list_item\",\"props\":{\"content\":\"\n\n<p>Walibi Rh\u00f4ne-Alpes theme park 29 minutes by car<\/p>\n\n\",\"icon\":\"ionicons-outline--rocket-outline\"}},{\"type\":\"list_item\",\"props\":{\"content\":\"\n\n<p>4-star campsite EU Ecolabel, Camping Qualit\u00e9<\/p>\n\n\",\"icon\":\"bootstrap--award\"}}]},{\"type\":\"divider\",\"props\":{\"divider_element\":\"hr\"}},{\"type\":\"button\",\"props\":{\"grid_column_gap\":\"small\",\"grid_row_gap\":\"small\",\"margin\":\"default\",\"margin_bottom\":\"default\",\"margin_top\":\"default\"},\"children\":[{\"type\":\"button_item\",\"props\":{\"button_style\":\"primary\",\"content\":\"Book my family holiday\",\"dialog_layout\":\"modal\",\"dialog_offcanvas_flip\":true,\"icon\":\"bootstrap--calendar-check\",\"icon_align\":\"left\",\"link\":\"https:\/\/bookingpremium.secureholiday.net\/en\/8715\/\",\"link_target\":\"blank\",\"link_title\":\"Book a family holiday at Lake Paladru - D\u00e9tente et Clapotis campsite\"}}]}]},{\"type\":\"column\",\"props\":{\"image_position\":\"center-center\",\"width_medium\":\"2-3\"},\"children\":[{\"type\":\"slideshow\",\"props\":{\"link_style\":\"default\",\"link_text\":\"Read more\",\"margin\":\"default\",\"margin_bottom\":\"default\",\"margin_top\":\"default\",\"meta_align\":\"below-title\",\"meta_element\":\"div\",\"meta_style\":\"text-meta\",\"nav\":\"thumbnav\",\"nav_align\":\"left\",\"nav_below\":true,\"nav_breakpoint\":\"s\",\"nav_position\":\"bottom-center\",\"nav_position_margin\":\"medium\",\"overlay_animation\":\"parallax\",\"overlay_position\":\"center-left\",\"show_content\":false,\"show_link\":false,\"show_meta\":false,\"show_thumbnail\":true,\"show_title\":false,\"slidenav\":\"top-left\",\"slidenav_breakpoint\":\"s\",\"slidenav_margin\":\"small\",\"slidenav_outside_breakpoint\":\"xl\",\"slideshow_autoplay_pause\":true,\"slideshow_min_height\":300,\"thumbnav_height\":\"75\",\"thumbnav_svg_color\":\"emphasis\",\"thumbnav_width\":\"100\",\"title_element\":\"h3\",\"title_hover_style\":\"reset\"},\"children\":[{\"type\":\"slideshow_item\",\"props\":{\"image\":\"wp-content\/uploads\/2026\/05\/camping-familial-vue-aerienne-lac-paladru-isere.jpg\",\"image_alt\":\"Panoramic view of the family campsite D\u00e9tente et Clapotis from the heights of Lake Paladru, Is\u00e8re\",\"title\":\"Family campsite D\u00e9tente et Clapotis - panoramic view Lake Paladru\",\"image_title\":\"Panoramic view of the family campsite at Lake Paladru, Is\u00e8re\"}},{\"type\":\"slideshow_item\",\"props\":{\"image\":\"wp-content\/uploads\/2026\/05\/aire-de-jeux-enfants-camping-famille-paladru.jpg\",\"image_alt\":\"Splash pad with water jets at the family campsite D\u00e9tente et Clapotis, Lake Paladru \u2014 fun for children\",\"title\":\"Splash pad - family campsite at Lake Paladru\",\"image_title\":\"Splash pad with water jets at the family campsite D\u00e9tente et Clapotis\"}},{\"type\":\"slideshow_item\",\"props\":{\"image\":\"wp-content\/uploads\/2026\/05\/piscine-camping-famille-vacances-enfants-paladru.jpg\",\"image_alt\":\"Family campsite swimming pool for holidays with children at Lake Paladru\",\"title\":\"Family campsite pool - kids holidays at Lake Paladru\",\"image_title\":\"Heated swimming pool of the family campsite D\u00e9tente et Clapotis\"}},{\"type\":\"slideshow_item\",\"props\":{\"image\":\"wp-content\/uploads\/2026\/05\/baignade-famille-plage-lac-paladru-camping.jpg\",\"image_alt\":\"Family with inflatable boat at Lake Paladru beach, turquoise water at D\u00e9tente et Clapotis campsite\",\"title\":\"Family at Lake Paladru beach - inflatable boat and swimming\",\"image_title\":\"Family with inflatable boat at Lake Paladru beach, D\u00e9tente et Clapotis\"}},{\"type\":\"slideshow_item\",\"props\":{\"image\":\"wp-content\/uploads\/2026\/05\/activites-nautiques-famille-paddle-lac-paladru.jpg\",\"image_alt\":\"Family water sports - paddle and kayak on Lake Paladru, Is\u00e8re\",\"title\":\"Family water sports - paddle on Lake Paladru\",\"image_title\":\"Family water sports - paddle and kayak on Lake Paladru\"}},{\"type\":\"slideshow_item\",\"props\":{\"image\":\"wp-content\/uploads\/2026\/05\/chalet-camping-familial-vacances-enfants-paladru.jpg\",\"image_alt\":\"Breakfast on the wooden terrace of a Libella family chalet at D\u00e9tente et Clapotis campsite, Lake Paladru\",\"title\":\"Breakfast on Libella chalet terrace - family holidays Lake Paladru\",\"image_title\":\"Breakfast on Libella chalet wooden terrace, D\u00e9tente et Clapotis campsite\"}},{\"type\":\"slideshow_item\",\"props\":{\"image\":\"wp-content\/uploads\/2026\/05\/lac-de-paladru-camping-famille-isere-rhone-alpes.jpg\",\"image_alt\":\"Lake Paladru, setting of the family campsite D\u00e9tente et Clapotis in Is\u00e8re, Rh\u00f4ne-Alpes\",\"title\":\"Lake Paladru - family campsite Is\u00e8re Rh\u00f4ne-Alpes\",\"image_title\":\"Lake Paladru, setting of the family campsite D\u00e9tente et Clapotis\"}}]}]}]}]},{\"type\":\"section\",\"props\":{\"image_position\":\"center-center\",\"style\":\"muted\",\"title_breakpoint\":\"xl\",\"title_position\":\"top-left\",\"title_rotation\":\"left\",\"vertical_align\":\"\",\"width\":\"default\"},\"children\":[{\"type\":\"row\",\"props\":{\"layout\":\"1-2,1-2\"},\"children\":[{\"type\":\"column\",\"props\":{\"image_position\":\"center-center\",\"width_medium\":\"1-2\"},\"children\":[{\"type\":\"headline\",\"props\":{\"content\":\"The family chalet: ideal accommodation for holidays with children\",\"image_align\":\"left\",\"image_margin\":\"xsmall\",\"title_element\":\"h2\"}},{\"type\":\"text\",\"props\":{\"column_breakpoint\":\"m\",\"content\":\"\n\n<p>For successful family holidays at Lake Paladru, our Libella, Chartreux and Chevaliers chalets offer the space everyone needs: 5 to 7 sleepers depending on the model, separate bedrooms for parents and children, lounge, fully equipped kitchen and a wooden terrace nestled in a tree-lined setting. The large private plot around each chalet allows children to play safely, just steps from the playgrounds and the heated pool.<\/p>\n\n\n\n<p>If you prefer to bring your own tent, caravan or motorhome, our pitches of 120 to 180 m\u00b2 are among the largest in the region \u2014 a rare advantage for families who appreciate space, peace and the shade of mature trees.<\/p>\n\n\n\n<p>The chalets are open year-round, while pitches for tents, caravans and motorhomes are open from April to September. Off-season chalet stays \u2014 September to June \u2014 are especially loved by families seeking quietness and lower rates outside school holidays.<\/p>\n\n\",\"margin\":\"default\",\"margin_bottom\":\"default\",\"margin_top\":\"default\"}},{\"type\":\"divider\",\"props\":{\"divider_element\":\"hr\"}},{\"type\":\"button\",\"props\":{\"grid_column_gap\":\"small\",\"grid_row_gap\":\"small\",\"margin\":\"default\",\"margin_bottom\":\"default\",\"margin_top\":\"default\"},\"children\":[{\"type\":\"button_item\",\"props\":{\"button_style\":\"default\",\"content\":\"See the chalets\",\"dialog_layout\":\"modal\",\"dialog_offcanvas_flip\":true,\"icon\":\"bootstrap--house\",\"icon_align\":\"left\",\"link\":\"https:\/\/detente-et-clapotis.fr\/en\/chartreux-chalets\/\",\"link_target\":\"_self\",\"link_title\":\"Discover the family chalets at D\u00e9tente et Clapotis campsite\"}},{\"type\":\"button_item\",\"props\":{\"button_style\":\"primary\",\"content\":\"Book now\",\"dialog_layout\":\"modal\",\"dialog_offcanvas_flip\":true,\"icon\":\"bootstrap--calendar-check\",\"icon_align\":\"left\",\"link\":\"https:\/\/bookingpremium.secureholiday.net\/en\/8715\/\",\"link_target\":\"blank\",\"link_title\":\"Book a family chalet at Lake Paladru\"}}]}]},{\"type\":\"column\",\"props\":{\"image_position\":\"center-center\",\"width_medium\":\"1-2\"},\"children\":[{\"type\":\"slideshow\",\"props\":{\"link_style\":\"default\",\"link_text\":\"Read more\",\"margin\":\"default\",\"margin_bottom\":\"default\",\"margin_top\":\"default\",\"meta_align\":\"below-title\",\"meta_element\":\"div\",\"meta_style\":\"text-meta\",\"nav\":\"thumbnav\",\"nav_align\":\"left\",\"nav_below\":true,\"nav_breakpoint\":\"s\",\"nav_position\":\"bottom-center\",\"nav_position_margin\":\"medium\",\"overlay_animation\":\"parallax\",\"overlay_position\":\"center-left\",\"show_content\":false,\"show_link\":false,\"show_meta\":false,\"show_thumbnail\":true,\"show_title\":false,\"slidenav\":\"top-left\",\"slidenav_breakpoint\":\"s\",\"slidenav_margin\":\"small\",\"slidenav_outside_breakpoint\":\"xl\",\"slideshow_autoplay_pause\":true,\"slideshow_min_height\":300,\"thumbnav_height\":\"75\",\"thumbnav_svg_color\":\"emphasis\",\"thumbnav_width\":\"100\",\"title_element\":\"h3\",\"title_hover_style\":\"reset\"},\"children\":[{\"type\":\"slideshow_item\",\"props\":{\"image\":\"wp-content\/uploads\/2026\/05\/chalets-camping-famille-vacances-enfants-paladru.jpg\",\"image_alt\":\"Libella chalet with wooden terrace, family accommodation at D\u00e9tente et Clapotis campsite, Lake Paladru\",\"title\":\"Libella chalet - family accommodation Lake Paladru\",\"image_title\":\"Libella chalet at D\u00e9tente et Clapotis campsite - family accommodation\"}},{\"type\":\"slideshow_item\",\"props\":{\"image\":\"wp-content\/uploads\/2026\/05\/chalet-camping-famille-hebergement-bois-paladru.jpg\",\"image_alt\":\"Wooden family chalet with terrace, accommodation at D\u00e9tente et Clapotis Lake Paladru\",\"title\":\"Wooden family chalet - Lake Paladru accommodation\",\"image_title\":\"Wooden family chalet with terrace, D\u00e9tente et Clapotis campsite\"}},{\"type\":\"slideshow_item\",\"props\":{\"image\":\"wp-content\/uploads\/2026\/05\/emplacement-camping-familial-grand-spacieux-paladru.jpg\",\"image_alt\":\"Large spacious family camping pitch with trees at Lake Paladru\",\"title\":\"Large family camping pitch - Lake Paladru\",\"image_title\":\"Large spacious family camping pitch with trees, Lake Paladru\"}},{\"type\":\"slideshow_item\",\"props\":{\"image\":\"wp-content\/uploads\/2026\/05\/camping-familial-allee-arboree-isere.jpg\",\"image_alt\":\"Tree-lined alley of the family campsite D\u00e9tente et Clapotis in Is\u00e8re\",\"title\":\"Tree-lined alley - family campsite Is\u00e8re\",\"image_title\":\"Tree-lined alley of the family campsite, Is\u00e8re\"}}]}]}]}]},{\"type\":\"section\",\"props\":{\"image_position\":\"center-center\",\"style\":\"default\",\"title_breakpoint\":\"xl\",\"title_position\":\"top-left\",\"title_rotation\":\"left\",\"vertical_align\":\"\",\"width\":\"default\"},\"children\":[{\"type\":\"row\",\"props\":{\"layout\":\"1-1\"},\"children\":[{\"type\":\"column\",\"props\":{\"image_position\":\"center-center\",\"width_medium\":\"1-1\"},\"children\":[{\"type\":\"headline\",\"props\":{\"content\":\"Everything you need for family holidays at Lake Paladru\",\"image_align\":\"left\",\"image_margin\":\"xsmall\",\"title_element\":\"h2\",\"title_align\":\"center\",\"title_decoration\":\"divider\"}},{\"type\":\"text\",\"props\":{\"column_breakpoint\":\"m\",\"content\":\"\n\n<p>From the lakeside to the thrills of Walibi, D\u00e9tente et Clapotis builds a balanced stay between nature, play and big discoveries \u2014 where every member of the family finds their own pace.<\/p>\n\n\",\"margin\":\"default\",\"margin_bottom\":\"default\",\"margin_top\":\"default\",\"text_style\":\"lead\",\"text_align\":\"center\"}}]}]},{\"type\":\"row\",\"props\":{\"column_gap\":\"medium\",\"layout\":\"1-3,1-3,1-3\"},\"children\":[{\"type\":\"column\",\"props\":{\"image_position\":\"center-center\",\"padding\":\"medium\",\"style\":\"tile-default\",\"width_medium\":\"1-3\"},\"children\":[{\"type\":\"slideshow\",\"props\":{\"link_style\":\"default\",\"link_text\":\"Read more\",\"margin\":\"default\",\"margin_bottom\":\"default\",\"margin_top\":\"default\",\"meta_align\":\"below-title\",\"meta_element\":\"div\",\"meta_style\":\"text-meta\",\"nav\":\"thumbnav\",\"nav_align\":\"left\",\"nav_below\":true,\"nav_breakpoint\":\"s\",\"nav_position\":\"bottom-center\",\"nav_position_margin\":\"medium\",\"overlay_animation\":\"parallax\",\"overlay_position\":\"center-left\",\"show_content\":false,\"show_link\":false,\"show_meta\":false,\"show_thumbnail\":true,\"show_title\":false,\"slidenav\":\"top-left\",\"slidenav_breakpoint\":\"s\",\"slidenav_margin\":\"small\",\"slidenav_outside_breakpoint\":\"xl\",\"slideshow_autoplay_pause\":true,\"slideshow_min_height\":300,\"thumbnav_height\":\"75\",\"thumbnav_svg_color\":\"emphasis\",\"thumbnav_width\":\"100\",\"title_element\":\"h3\",\"title_hover_style\":\"reset\"},\"children\":[{\"type\":\"slideshow_item\",\"props\":{\"image\":\"wp-content\/uploads\/2026\/05\/plage-baignade-famille-lac-paladru-camping.jpg\",\"image_alt\":\"Family by the lake at the campsite beach, Lake Paladru \u2014 D\u00e9tente et Clapotis\",\"title\":\"Family at Lake Paladru beach - campsite holidays\",\"image_title\":\"Family by the lake at the campsite beach, D\u00e9tente et Clapotis\"}}]},{\"type\":\"headline\",\"props\":{\"content\":\"The lake and the beach\",\"image_align\":\"left\",\"image_margin\":\"xsmall\",\"title_element\":\"h3\"}},{\"type\":\"text\",\"props\":{\"column_breakpoint\":\"m\",\"content\":\"\n\n<p>Direct access to Lake Paladru beach from the campsite. Swimming in fresh, clear water, stand-up paddle, kayak, sailing and fishing: ranked among the most beautiful lakes in France, Lake Paladru is calm enough to reassure parents of younger swimmers.<\/p>\n\n\",\"margin\":\"default\",\"margin_bottom\":\"default\",\"margin_top\":\"default\"}}]},{\"type\":\"column\",\"props\":{\"image_position\":\"center-center\",\"padding\":\"medium\",\"style\":\"tile-default\",\"width_medium\":\"1-3\"},\"children\":[{\"type\":\"slideshow\",\"props\":{\"link_style\":\"default\",\"link_text\":\"Read more\",\"margin\":\"default\",\"margin_bottom\":\"default\",\"margin_top\":\"default\",\"meta_align\":\"below-title\",\"meta_element\":\"div\",\"meta_style\":\"text-meta\",\"nav\":\"thumbnav\",\"nav_align\":\"left\",\"nav_below\":true,\"nav_breakpoint\":\"s\",\"nav_position\":\"bottom-center\",\"nav_position_margin\":\"medium\",\"overlay_animation\":\"parallax\",\"overlay_position\":\"center-left\",\"show_content\":false,\"show_link\":false,\"show_meta\":false,\"show_thumbnail\":true,\"show_title\":false,\"slidenav\":\"top-left\",\"slidenav_breakpoint\":\"s\",\"slidenav_margin\":\"small\",\"slidenav_outside_breakpoint\":\"xl\",\"slideshow_autoplay_pause\":true,\"slideshow_min_height\":300,\"thumbnav_height\":\"75\",\"thumbnav_svg_color\":\"emphasis\",\"thumbnav_width\":\"100\",\"title_element\":\"h3\",\"title_hover_style\":\"reset\"},\"children\":[{\"type\":\"slideshow_item\",\"props\":{\"image\":\"wp-content\/uploads\/2026\/05\/piscine-chauffee-camping-familial-isere.jpg\",\"image_alt\":\"Heated pool at the family campsite D\u00e9tente et Clapotis in Is\u00e8re\",\"title\":\"Heated pool - family campsite Is\u00e8re\",\"image_title\":\"Heated pool at the family campsite D\u00e9tente et Clapotis\"}}]},{\"type\":\"headline\",\"props\":{\"content\":\"Heated pool and playgrounds\",\"image_align\":\"left\",\"image_margin\":\"xsmall\",\"title_element\":\"h3\"}},{\"type\":\"text\",\"props\":{\"column_breakpoint\":\"m\",\"content\":\"\n\n<p>The heated pool and secure swimming area let children enjoy the water in any weather. Playgrounds scattered across the campsite give them total freedom \u2014 while parents savour a quiet moment nearby.<\/p>\n\n\",\"margin\":\"default\",\"margin_bottom\":\"default\",\"margin_top\":\"default\"}}]},{\"type\":\"column\",\"props\":{\"image_position\":\"center-center\",\"padding\":\"medium\",\"style\":\"tile-default\",\"width_medium\":\"1-3\"},\"children\":[{\"type\":\"slideshow\",\"props\":{\"link_style\":\"default\",\"link_text\":\"Read more\",\"margin\":\"default\",\"margin_bottom\":\"default\",\"margin_top\":\"default\",\"meta_align\":\"below-title\",\"meta_element\":\"div\",\"meta_style\":\"text-meta\",\"nav\":\"thumbnav\",\"nav_align\":\"left\",\"nav_below\":true,\"nav_breakpoint\":\"s\",\"nav_position\":\"bottom-center\",\"nav_position_margin\":\"medium\",\"overlay_animation\":\"parallax\",\"overlay_position\":\"center-left\",\"show_content\":false,\"show_link\":false,\"show_meta\":false,\"show_thumbnail\":true,\"show_title\":false,\"slidenav\":\"top-left\",\"slidenav_breakpoint\":\"s\",\"slidenav_margin\":\"small\",\"slidenav_outside_breakpoint\":\"xl\",\"slideshow_autoplay_pause\":true,\"slideshow_min_height\":300,\"thumbnav_height\":\"75\",\"thumbnav_svg_color\":\"emphasis\",\"thumbnav_width\":\"100\",\"title_element\":\"h3\",\"title_hover_style\":\"reset\"},\"children\":[{\"type\":\"slideshow_item\",\"props\":{\"image\":\"wp-content\/uploads\/2026\/05\/aire-de-jeux-camping-familial-enfants-paladru.jpg\",\"image_alt\":\"Children's splash pad at the family campsite D\u00e9tente et Clapotis - Walibi day-trip 29 minutes away\",\"title\":\"Kids splash pad family campsite - Walibi nearby\",\"image_title\":\"Kids splash pad at family campsite D\u00e9tente et Clapotis - Walibi 29 min\"}}]},{\"type\":\"headline\",\"props\":{\"content\":\"Thrills 30 minutes away: Walibi Rh\u00f4ne-Alpes\",\"image_align\":\"left\",\"image_margin\":\"xsmall\",\"title_element\":\"h3\"}},{\"type\":\"text\",\"props\":{\"column_breakpoint\":\"m\",\"content\":\"\n\n<p>Just 29 minutes by car from the campsite, Walibi Rh\u00f4ne-Alpes offers a full day of thrills for the whole family. Big rides in the morning, back to the calm of the lake and forest in the evening \u2014 the perfect blend for a memorable holiday.<\/p>\n\n\",\"margin\":\"default\",\"margin_bottom\":\"default\",\"margin_top\":\"default\"}},{\"type\":\"button\",\"props\":{\"grid_column_gap\":\"small\",\"grid_row_gap\":\"small\",\"margin\":\"default\",\"margin_bottom\":\"default\",\"margin_top\":\"default\"},\"children\":[{\"type\":\"button_item\",\"props\":{\"button_style\":\"default\",\"content\":\"Get directions to Walibi\",\"dialog_layout\":\"modal\",\"dialog_offcanvas_flip\":true,\"icon\":\"bootstrap--geo-alt\",\"icon_align\":\"left\",\"link\":\"https:\/\/maps.app.goo.gl\/eX1ujJ7U2VNEGj7z7\",\"link_target\":\"blank\",\"link_title\":\"Google Maps directions from D\u00e9tente et Clapotis to Walibi Rh\u00f4ne-Alpes\"}}]}]}]}]},{\"type\":\"section\",\"props\":{\"image_position\":\"center-center\",\"style\":\"muted\",\"title_breakpoint\":\"xl\",\"title_position\":\"top-left\",\"title_rotation\":\"left\",\"vertical_align\":\"\",\"width\":\"default\"},\"children\":[{\"type\":\"row\",\"props\":{\"layout\":\"1-2,1-2\"},\"children\":[{\"type\":\"column\",\"props\":{\"image_position\":\"center-center\",\"width_medium\":\"1-2\"},\"children\":[{\"type\":\"headline\",\"props\":{\"content\":\"Lake Paladru and surroundings for families\",\"image_align\":\"left\",\"image_margin\":\"xsmall\",\"title_element\":\"h2\"}},{\"type\":\"list\",\"props\":{\"column_breakpoint\":\"m\",\"content_style\":\"h5\",\"image_align\":\"left\",\"image_height\":\"60\",\"image_svg_color\":\"emphasis\",\"image_vertical_align\":true,\"image_width\":\"60\",\"list_element\":\"ul\",\"list_horizontal_separator\":\", \",\"list_style\":\"divider\",\"list_type\":\"vertical\",\"show_image\":true,\"show_link\":false},\"children\":[{\"type\":\"list_item\",\"props\":{\"content\":\"\n\n<p>Campsite beach with supervised swimming in season<\/p>\n\n\",\"icon\":\"ionicons-outline--water-outline\",\"icon_color\":\"primary\"}},{\"type\":\"list_item\",\"props\":{\"content\":\"\n\n<p><a href=\\\"https:\/\/www.detente-et-clapotis.fr\/en\/activities\/#region\\\">Walibi Rh\u00f4ne-Alpes theme park, 29 min (24.8 km)<\/a><\/p>\n\n\",\"icon\":\"ionicons-outline--rocket-outline\"}},{\"type\":\"list_item\",\"props\":{\"content\":\"\n\n<p><a href=\\\"https:\/\/www.detente-et-clapotis.fr\/en\/activities\/#region\\\">Maison du Lac de Paladru: museum and archaeological site, 10 min<\/a><\/p>\n\n\",\"icon\":\"bootstrap--building\"}},{\"type\":\"list_item\",\"props\":{\"content\":\"\n\n<p><a href=\\\"https:\/\/www.detente-et-clapotis.fr\/en\/activities\/#region\\\">Cycle paths and walking trails around the lake<\/a><\/p>\n\n\",\"icon\":\"ionicons-outline--bicycle-outline\"}},{\"type\":\"list_item\",\"props\":{\"content\":\"\n\n<p><a href=\\\"https:\/\/www.detente-et-clapotis.fr\/en\/activities\/#region\\\">Balme Caves and other family sites in Is\u00e8re<\/a><\/p>\n\n\",\"icon\":\"ionicons-outline--map-outline\"}}]}]},{\"type\":\"column\",\"props\":{\"image_position\":\"center-center\",\"width_medium\":\"1-2\"},\"children\":[{\"type\":\"headline\",\"props\":{\"content\":\"How to plan your family holiday at Lake Paladru\",\"image_align\":\"left\",\"image_margin\":\"xsmall\",\"title_element\":\"h2\"}},{\"type\":\"text\",\"props\":{\"column_breakpoint\":\"m\",\"content\":\"\n\n<p>Chalets are open year-round and pitches (tent, caravan, motorhome) from April to September. High season (July-August) offers maximum activity: swimming, beach restaurant and outdoor pool. Spring holidays are ideal for combining Walibi (open April to November depending on dates) with quiet nature time, and the All Saints' break stays accessible in our chalets for those who love autumn by the lake. For families wishing to discover outside school holidays, September, June and early July offer an excellent balance of price and weather.<\/p>\n\n\n\n<p>Book in a few clicks or contact us to build a tailor-made family stay, Walibi tickets included if you wish.<\/p>\n\n\",\"margin\":\"default\",\"margin_bottom\":\"default\",\"margin_top\":\"default\"}},{\"type\":\"divider\",\"props\":{\"divider_element\":\"hr\"}},{\"type\":\"button\",\"props\":{\"grid_column_gap\":\"small\",\"grid_row_gap\":\"small\",\"margin\":\"default\",\"margin_bottom\":\"default\",\"margin_top\":\"default\"},\"children\":[{\"type\":\"button_item\",\"props\":{\"button_style\":\"primary\",\"content\":\"Book my family holiday\",\"dialog_layout\":\"modal\",\"dialog_offcanvas_flip\":true,\"icon\":\"bootstrap--calendar-check\",\"icon_align\":\"left\",\"link\":\"https:\/\/bookingpremium.secureholiday.net\/en\/8715\/\",\"link_target\":\"blank\",\"link_title\":\"Book a family holiday at Lake Paladru\"}},{\"type\":\"button_item\",\"props\":{\"button_style\":\"default\",\"content\":\"Contact us\",\"dialog_layout\":\"modal\",\"dialog_offcanvas_flip\":true,\"icon\":\"bootstrap--envelope\",\"icon_align\":\"left\",\"link\":\"https:\/\/detente-et-clapotis.fr\/en\/contact\/\",\"link_target\":\"_self\",\"link_title\":\"Contact D\u00e9tente et Clapotis campsite\"}}]}]}]}]}]} --><\/p>\n","protected":false},"excerpt":{"rendered":"","protected":false},"author":3,"featured_media":0,"parent":0,"menu_order":0,"comment_status":"closed","ping_status":"closed","template":"","meta":{"_acf_changed":false,"footnotes":""},"class_list":["post-5514","page","type-page","status-publish","hentry"],"acf":[],"_links":{"self":[{"href":"https:\/\/www.detente-et-clapotis.fr\/en\/wp-json\/wp\/v2\/pages\/5514","targetHints":{"allow":["GET"]}}],"collection":[{"href":"https:\/\/www.detente-et-clapotis.fr\/en\/wp-json\/wp\/v2\/pages"}],"about":[{"href":"https:\/\/www.detente-et-clapotis.fr\/en\/wp-json\/wp\/v2\/types\/page"}],"author":[{"embeddable":true,"href":"https:\/\/www.detente-et-clapotis.fr\/en\/wp-json\/wp\/v2\/users\/3"}],"replies":[{"embeddable":true,"href":"https:\/\/www.detente-et-clapotis.fr\/en\/wp-json\/wp\/v2\/comments?post=5514"}],"version-history":[{"count":2,"href":"https:\/\/www.detente-et-clapotis.fr\/en\/wp-json\/wp\/v2\/pages\/5514\/revisions"}],"predecessor-version":[{"id":5516,"href":"https:\/\/www.detente-et-clapotis.fr\/en\/wp-json\/wp\/v2\/pages\/5514\/revisions\/5516"}],"wp:attachment":[{"href":"https:\/\/www.detente-et-clapotis.fr\/en\/wp-json\/wp\/v2\/media?parent=5514"}],"curies":[{"name":"wp","href":"https:\/\/api.w.org\/{rel}","templated":true}]}}