{"id":5311,"date":"2026-04-25T20:57:48","date_gmt":"2026-04-25T20:57:48","guid":{"rendered":"https:\/\/www.detente-et-clapotis.fr\/?page_id=5311"},"modified":"2026-04-25T22:48:09","modified_gmt":"2026-04-25T22:48:09","slug":"notre-offre-entreprise","status":"publish","type":"page","link":"https:\/\/www.detente-et-clapotis.fr\/en\/notre-offre-entreprise\/","title":{"rendered":"Our business offer"},"content":{"rendered":"<h1>SEMINAR &amp; TEAM BUILDING<br \/>AT LAC DE PALADRU<\/h1>\n<div>\n<p class=\"uk-text-lead\">\u00c0 40 minutes de Grenoble et de Lyon, organisez votre s\u00e9minaire dans un cadre naturel exceptionnel. H\u00e9bergements groupe, activit\u00e9s nautiques de team building, restauration sur place.<\/p>\n<\/div>\n<ul>\n<li>\n<div>\n<p>Exceptional natural setting, 40 min from Grenoble and Lyon<\/p>\n<\/div>\n<\/li>\n<li>\n<div>\n<p>Group accommodation: Natura Lodges, Libella chalets (7 people), pitches<\/p>\n<\/div>\n<\/li>\n<li>\n<div>\n<p>Team building on the lake: kayaking, sailing, pedalos, sporting challenges<\/p>\n<\/div>\n<\/li>\n<li>\n<div>\n<p>Group catering available on quotation (buffet, barbecue, gala dinner)<\/p>\n<\/div>\n<\/li>\n<li>\n<div>\n<p>Privatisable site off-season, guaranteed calm and change of scenery<\/p>\n<\/div>\n<\/li>\n<li>\n<div>\n<p>4-star EU Ecolabel campsite \u2014 environmental commitment<\/p>\n<\/div>\n<\/li>\n<\/ul>\n<hr>\n<p><p>\n        <a href=\"https:\/\/bookingpremium.secureholiday.net\/fr\/8715\/\" target=\"_blank\" rel=\"noopener\">REQUEST A QUOTE<\/a>\n    <\/p>\n<\/p>\n<h2>A NATURAL SETTING<br \/>FOR YOUR TEAMS<\/h2>\n<div>\n<p>Sortir les \u00e9quipes de leur quotidien, les plonger dans la nature autour d&#8217;un lac \u2014 c&#8217;est d\u00e9j\u00e0 une \u00e9tape essentielle pour cr\u00e9er la coh\u00e9sion et la cr\u00e9ativit\u00e9. Camping 4 \u00e9toiles EU Ecolabel, labellis\u00e9 Camping Qualit\u00e9, au bord du Lac de Paladru en Is\u00e8re.<\/p>\n<\/div>\n<p><img decoding=\"async\" src=\"\/wp-content\/uploads\/2026\/03\/lac-paladru-reflet-eau-automne-detente-nature-scaled.jpg\" alt=\"Autumn reflection on Lac de Paladru \u2014 natural setting for seminar and team building, Is\u00e8re\" title=\"\"><br \/>\n<img decoding=\"async\" src=\"\/wp-content\/uploads\/2022\/10\/libella02.jpg\" alt=\"Libella chalets for groups \u2014 seminar accommodation at Lac de Paladru campsite, Is\u00e8re\" title=\"\"><\/p>\n<h2>GROUP<br \/>ACCOMMODATION<\/h2>\n<div>\n<p>Nos <strong>Natura Lodges<\/strong> (4 pers.), <strong>Chalets Libella<\/strong> (7 pers.) et <strong>Chalets des Chartreux<\/strong> (7 pers.) peuvent \u00eatre r\u00e9serv\u00e9s en bloc pour accueillir votre groupe sur site. Capacit\u00e9 totale jusqu&#8217;\u00e0 40 personnes. Disponibles toute l&#8217;ann\u00e9e pour les chalets.<\/p>\n<\/div>\n<h2>TEAM BUILDING<br \/>ON THE LAKE<\/h2>\n<div>\n<p>Le Lac de Paladru est le terrain de jeu id\u00e9al pour cr\u00e9er la coh\u00e9sion d&#8217;\u00e9quipe. Kayak, voile, p\u00e9dalo, d\u00e9fis nautiques, randonn\u00e9es autour du lac (13 km), activit\u00e9s bien-\u00eatre pour clore le s\u00e9minaire en douceur.<\/p>\n<\/div>\n<p><img decoding=\"async\" src=\"\/wp-content\/uploads\/2026\/03\/plage-lac-paladru-automne-nature-ressourcement-scaled.jpg\" alt=\"Lac de Paladru beach \u2014 ideal team building playground, Is\u00e8re\" title=\"\"><\/p>\n<h2>LET&#8217;S PLAN YOUR SEMINAR TOGETHER<\/h2>\n<div>\n<p>Contact us for a personalised quote tailored to the size and needs of your group.<\/p>\n<\/div>\n<p><p>\n        <a href=\"https:\/\/www.detente-et-clapotis.fr\/en\/contact\/\">REQUEST A QUOTE<\/a>\n    <\/p>\n<\/p>\n<h2>Why organise your seminar at Lac de Paladru?<\/h2>\n<div>\n<p>Lac de Paladru offers an immediate change of scenery, less than an hour from Grenoble and Lyon. Taking your teams out of their daily routine in a preserved natural setting is already the first lever for cohesion.<\/p>\n<\/div>\n<ul>\n<li>\n<p>        <img decoding=\"async\" src=\"\/wp-content\/uploads\/2026\/03\/lac-paladru-portrait-automne-camping-detente-clapotis.jpg\" alt=\"Lac de Paladru in autumn \u2014 change of scenery for seminars, Is\u00e8re\" title=\"\"><\/p>\n<div>\n<p>Immediate change of scenery, off the beaten track<\/p>\n<\/div>\n<\/li>\n<li>\n<p>        <img decoding=\"async\" src=\"\/wp-content\/uploads\/2022\/03\/schluchsee-g36300ba53_1280.jpg\" alt=\"Water sports on Lac de Paladru for team building, Is\u00e8re\" title=\"\"><\/p>\n<div>\n<p>Exclusive water and sporting activities on the lake<\/p>\n<\/div>\n<\/li>\n<li>\n<p>        <img decoding=\"async\" src=\"\/wp-content\/uploads\/2022\/10\/natura02.jpg\" alt=\"Natura Lodge \u2014 private accommodation for seminars at Lac de Paladru\" title=\"\"><\/p>\n<div>\n<p>Independent accommodation for each team or management group<\/p>\n<\/div>\n<\/li>\n<li>\n<p>        <img decoding=\"async\" src=\"\/wp-content\/uploads\/2022\/03\/restaurant.jpg\" alt=\"L&#039;Annexe restaurant terrace \u2014 group catering, Lac de Paladru\" title=\"\"><\/p>\n<div>\n<p>Group catering and convivial spaces<\/p>\n<\/div>\n<\/li>\n<\/ul>\n<h2>How to organise your seminar at Lac de Paladru?<\/h2>\n<div>\n<p>Contact us with your dates, number of participants and specific requirements (accommodation, catering, activities). We will send you a personalised quote within 48 hours. Seminars are particularly popular from April to June and September to November \u2014 guaranteed availability and advantageous off-season rates.<\/p>\n<\/div>\n<hr>\n<p><p>\n        REQUEST A QUOTE    <\/p>\n<\/p>\n<p><!--more--><br \/>\n<!-- {\"type\":\"layout\",\"children\":[{\"type\":\"section\",\"props\":{\"image\":\"wp-content\/uploads\/2022\/09\/plage.jpg\",\"image_alt\":\"View over Lac de Paladru from the beach \u2014 natural setting for seminars and team building, Is\u00e8re\",\"image_position\":\"center-center\",\"image_size\":\"cover\",\"image_title\":\"Lac de Paladru, s\u00e9minaire team building Is\u00e8re, camping D\u00e9tente et Clapotis\",\"padding_bottom\":\"xlarge\",\"padding_top\":\"xlarge\",\"style\":\"default\",\"text_color\":\"light\",\"title_breakpoint\":\"xl\",\"title_position\":\"top-left\",\"title_rotation\":\"left\",\"vertical_align\":\"middle\",\"width\":\"default\"},\"children\":[{\"type\":\"row\",\"props\":{\"column_gap\":\"medium\",\"row_gap\":\"medium\"},\"children\":[{\"type\":\"column\",\"props\":{\"image_position\":\"center-center\",\"position_sticky_breakpoint\":\"m\",\"width_medium\":\"1-1\",\"width_small\":\"1-1\"},\"children\":[{\"type\":\"headline\",\"props\":{\"content\":\"SEMINAR &amp; TEAM BUILDING<br \/>AT LAC DE PALADRU\",\"image_align\":\"left\",\"image_margin\":\"xsmall\",\"text_align\":\"center\",\"title_element\":\"h1\",\"title_style\":\"h1\"}},{\"type\":\"text\",\"props\":{\"column_breakpoint\":\"m\",\"content\":\"\n\n<p class=\\\"uk-text-lead\\\">\u00c0 40 minutes de Grenoble et de Lyon, organisez votre s\u00e9minaire dans un cadre naturel exceptionnel. H\u00e9bergements groupe, activit\u00e9s nautiques de team building, restauration sur place.<\/p>\n\n\",\"margin_bottom\":\"default\",\"margin_top\":\"default\",\"text_align\":\"center\"}},{\"type\":\"list\",\"props\":{\"column_breakpoint\":\"m\",\"content_style\":\"h5\",\"image_align\":\"left\",\"image_height\":\"60\",\"image_svg_color\":\"emphasis\",\"image_vertical_align\":true,\"image_width\":\"60\",\"list_element\":\"ul\",\"list_horizontal_separator\":\", \",\"list_style\":\"divider\",\"list_type\":\"vertical\",\"show_image\":true,\"show_link\":false},\"children\":[{\"type\":\"list_item\",\"props\":{\"content\":\"\n\n<p>Exceptional natural setting, 40 min from Grenoble and Lyon<\/p>\n\n\",\"icon\":\"bootstrap--geo-alt\"}},{\"type\":\"list_item\",\"props\":{\"content\":\"\n\n<p>Group accommodation: Natura Lodges, Libella chalets (7 people), pitches<\/p>\n\n\",\"icon\":\"bootstrap--house\"}},{\"type\":\"list_item\",\"props\":{\"content\":\"\n\n<p>Team building on the lake: kayaking, sailing, pedalos, sporting challenges<\/p>\n\n\",\"icon\":\"ionicons-outline--water-outline\"}},{\"type\":\"list_item\",\"props\":{\"content\":\"\n\n<p>Group catering available on quotation (buffet, barbecue, gala dinner)<\/p>\n\n\",\"icon\":\"bootstrap--cup-hot\"}},{\"type\":\"list_item\",\"props\":{\"content\":\"\n\n<p>Privatisable site off-season, guaranteed calm and change of scenery<\/p>\n\n\",\"icon\":\"bootstrap--calendar-check\"}},{\"type\":\"list_item\",\"props\":{\"content\":\"\n\n<p>4-star EU Ecolabel campsite \u2014 environmental commitment<\/p>\n\n\",\"icon\":\"bootstrap--award\"}}]},{\"type\":\"divider\",\"props\":{\"divider_element\":\"hr\"}},{\"type\":\"button\",\"props\":{\"grid_column_gap\":\"small\",\"grid_row_gap\":\"small\",\"margin_bottom\":\"default\",\"margin_top\":\"medium\",\"text_align\":\"left\"},\"children\":[{\"type\":\"button_item\",\"props\":{\"button_size\":\"large\",\"button_style\":\"primary\",\"content\":\"REQUEST A QUOTE\",\"dialog_layout\":\"modal\",\"dialog_offcanvas_flip\":true,\"icon_align\":\"left\",\"link\":\"https:\/\/bookingpremium.secureholiday.net\/fr\/8715\/\"}}]}]}]}]},{\"type\":\"section\",\"props\":{\"image_position\":\"center-center\",\"padding_bottom\":\"large\",\"padding_top\":\"large\",\"style\":\"default\",\"title_breakpoint\":\"xl\",\"title_position\":\"top-left\",\"title_rotation\":\"left\",\"vertical_align\":\"middle\",\"width\":\"default\"},\"children\":[{\"type\":\"row\",\"props\":{\"column_gap\":\"medium\",\"row_gap\":\"medium\"},\"children\":[{\"type\":\"column\",\"props\":{\"image_position\":\"center-center\",\"position_sticky_breakpoint\":\"m\",\"width_medium\":\"1-2\",\"width_small\":\"1-1\"},\"children\":[{\"type\":\"headline\",\"props\":{\"content\":\"A NATURAL SETTING<br \/>FOR YOUR TEAMS\",\"image_align\":\"left\",\"image_margin\":\"xsmall\",\"text_align\":\"left\",\"title_color\":\"primary\",\"title_element\":\"h2\",\"title_style\":\"h2\"}},{\"type\":\"text\",\"props\":{\"column_breakpoint\":\"m\",\"content\":\"\n\n<p>Sortir les \u00e9quipes de leur quotidien, les plonger dans la nature autour d'un lac \u2014 c'est d\u00e9j\u00e0 une \u00e9tape essentielle pour cr\u00e9er la coh\u00e9sion et la cr\u00e9ativit\u00e9. Camping 4 \u00e9toiles EU Ecolabel, labellis\u00e9 Camping Qualit\u00e9, au bord du Lac de Paladru en Is\u00e8re.<\/p>\n\n\",\"margin_bottom\":\"default\",\"margin_top\":\"default\",\"text_align\":\"left\"}},{\"type\":\"image\",\"props\":{\"image\":\"wp-content\/uploads\/2026\/03\/lac-paladru-reflet-eau-automne-detente-nature-scaled.jpg\",\"image_alt\":\"Autumn reflection on Lac de Paladru \u2014 natural setting for seminar and team building, Is\u00e8re\",\"image_height\":\"470\",\"image_svg_color\":\"emphasis\",\"image_title\":\"Lac de Paladru reflet eau, s\u00e9minaire team building, camping D\u00e9tente et Clapotis\",\"image_width\":\"700\",\"margin_bottom\":\"default\",\"margin_top\":\"default\"}}]}]}]},{\"type\":\"section\",\"props\":{\"image_position\":\"center-center\",\"padding_bottom\":\"large\",\"padding_top\":\"large\",\"style\":\"muted\",\"title_breakpoint\":\"xl\",\"title_position\":\"top-left\",\"title_rotation\":\"left\",\"vertical_align\":\"middle\",\"width\":\"default\"},\"children\":[{\"type\":\"row\",\"props\":{\"column_gap\":\"medium\",\"row_gap\":\"medium\"},\"children\":[{\"type\":\"column\",\"props\":{\"image_position\":\"center-center\",\"position_sticky_breakpoint\":\"m\",\"width_medium\":\"1-2\",\"width_small\":\"1-1\"},\"children\":[{\"type\":\"image\",\"props\":{\"image\":\"wp-content\/uploads\/2022\/10\/libella02.jpg\",\"image_alt\":\"Libella chalets for groups \u2014 seminar accommodation at Lac de Paladru campsite, Is\u00e8re\",\"image_height\":\"470\",\"image_svg_color\":\"emphasis\",\"image_title\":\"Chalets Libella groupe, h\u00e9bergement s\u00e9minaire, camping D\u00e9tente et Clapotis Is\u00e8re\",\"image_width\":\"700\",\"margin_bottom\":\"default\",\"margin_top\":\"default\"}},{\"type\":\"headline\",\"props\":{\"content\":\"GROUP<br \/>ACCOMMODATION\",\"image_align\":\"left\",\"image_margin\":\"xsmall\",\"text_align\":\"left\",\"title_color\":\"primary\",\"title_element\":\"h2\",\"title_style\":\"h2\"}},{\"type\":\"text\",\"props\":{\"column_breakpoint\":\"m\",\"content\":\"\n\n<p>Nos <strong>Natura Lodges<\/strong> (4 pers.), <strong>Chalets Libella<\/strong> (7 pers.) et <strong>Chalets des Chartreux<\/strong> (7 pers.) peuvent \u00eatre r\u00e9serv\u00e9s en bloc pour accueillir votre groupe sur site. Capacit\u00e9 totale jusqu'\u00e0 40 personnes. Disponibles toute l'ann\u00e9e pour les chalets.<\/p>\n\n\",\"margin_bottom\":\"default\",\"margin_top\":\"default\",\"text_align\":\"left\"}}]}]}]},{\"type\":\"section\",\"props\":{\"image_position\":\"center-center\",\"padding_bottom\":\"large\",\"padding_top\":\"large\",\"style\":\"default\",\"title_breakpoint\":\"xl\",\"title_position\":\"top-left\",\"title_rotation\":\"left\",\"vertical_align\":\"middle\",\"width\":\"default\"},\"children\":[{\"type\":\"row\",\"props\":{\"column_gap\":\"medium\",\"row_gap\":\"medium\"},\"children\":[{\"type\":\"column\",\"props\":{\"image_position\":\"center-center\",\"position_sticky_breakpoint\":\"m\",\"width_medium\":\"1-2\",\"width_small\":\"1-1\"},\"children\":[{\"type\":\"headline\",\"props\":{\"content\":\"TEAM BUILDING<br \/>ON THE LAKE\",\"image_align\":\"left\",\"image_margin\":\"xsmall\",\"text_align\":\"left\",\"title_color\":\"primary\",\"title_element\":\"h2\",\"title_style\":\"h2\"}},{\"type\":\"text\",\"props\":{\"column_breakpoint\":\"m\",\"content\":\"\n\n<p>Le Lac de Paladru est le terrain de jeu id\u00e9al pour cr\u00e9er la coh\u00e9sion d'\u00e9quipe. Kayak, voile, p\u00e9dalo, d\u00e9fis nautiques, randonn\u00e9es autour du lac (13 km), activit\u00e9s bien-\u00eatre pour clore le s\u00e9minaire en douceur.<\/p>\n\n\",\"margin_bottom\":\"default\",\"margin_top\":\"default\",\"text_align\":\"left\"}},{\"type\":\"image\",\"props\":{\"image\":\"wp-content\/uploads\/2026\/03\/plage-lac-paladru-automne-nature-ressourcement-scaled.jpg\",\"image_alt\":\"Lac de Paladru beach \u2014 ideal team building playground, Is\u00e8re\",\"image_height\":\"470\",\"image_svg_color\":\"emphasis\",\"image_title\":\"Plage Lac de Paladru team building, s\u00e9minaire entreprise, camping D\u00e9tente et Clapotis\",\"image_width\":\"700\",\"margin_bottom\":\"default\",\"margin_top\":\"default\"}}]}]}]},{\"type\":\"section\",\"props\":{\"image_position\":\"center-center\",\"padding_bottom\":\"large\",\"padding_top\":\"large\",\"style\":\"primary\",\"title_breakpoint\":\"xl\",\"title_position\":\"top-left\",\"title_rotation\":\"left\",\"vertical_align\":\"middle\",\"width\":\"default\"},\"children\":[{\"type\":\"row\",\"props\":{\"column_gap\":\"medium\",\"row_gap\":\"medium\"},\"children\":[{\"type\":\"column\",\"props\":{\"image_position\":\"center-center\",\"position_sticky_breakpoint\":\"m\",\"width_medium\":\"1-1\",\"width_small\":\"1-1\"},\"children\":[{\"type\":\"headline\",\"props\":{\"content\":\"LET'S PLAN YOUR SEMINAR TOGETHER\",\"image_align\":\"left\",\"image_margin\":\"xsmall\",\"text_align\":\"center\",\"title_element\":\"h2\",\"title_style\":\"h2\"}},{\"type\":\"text\",\"props\":{\"column_breakpoint\":\"m\",\"content\":\"\n\n<p>Contact us for a personalised quote tailored to the size and needs of your group.<\/p>\n\n\",\"margin_bottom\":\"default\",\"margin_top\":\"default\",\"text_align\":\"center\"}},{\"type\":\"button\",\"props\":{\"grid_column_gap\":\"small\",\"grid_row_gap\":\"small\",\"margin_bottom\":\"default\",\"margin_top\":\"medium\",\"text_align\":\"left\"},\"children\":[{\"type\":\"button_item\",\"props\":{\"button_size\":\"default\",\"button_style\":\"primary\",\"content\":\"REQUEST A QUOTE\",\"dialog_layout\":\"modal\",\"dialog_offcanvas_flip\":true,\"icon_align\":\"left\",\"link\":\"https:\/\/www.detente-et-clapotis.fr\/contact\/\"}}]}]}]}]},{\"type\":\"section\",\"props\":{\"image_position\":\"center-center\",\"style\":\"default\",\"title_breakpoint\":\"xl\",\"title_position\":\"top-left\",\"title_rotation\":\"left\",\"vertical_align\":\"middle\",\"width\":\"default\"},\"children\":[{\"type\":\"row\",\"children\":[{\"type\":\"column\",\"props\":{\"image_position\":\"center-center\",\"position_sticky_breakpoint\":\"m\",\"width\":\"expand\"},\"children\":[{\"type\":\"headline\",\"props\":{\"content\":\"Why organise your seminar at Lac de Paladru?\",\"image_align\":\"left\",\"image_margin\":\"xsmall\",\"title_element\":\"h2\"}},{\"type\":\"text\",\"props\":{\"column_breakpoint\":\"m\",\"content\":\"\n\n<p>Lac de Paladru offers an immediate change of scenery, less than an hour from Grenoble and Lyon. Taking your teams out of their daily routine in a preserved natural setting is already the first lever for cohesion.<\/p>\n\n\",\"margin_bottom\":\"default\",\"margin_top\":\"default\"}},{\"type\":\"list\",\"props\":{\"column\":\"1-2\",\"column_breakpoint\":\"m\",\"image_align\":\"left\",\"image_border\":\"circle\",\"image_height\":\"50\",\"image_svg_color\":\"emphasis\",\"image_vertical_align\":true,\"image_width\":\"50\",\"list_element\":\"ul\",\"list_horizontal_separator\":\", \",\"list_type\":\"vertical\",\"show_image\":true,\"show_link\":false},\"children\":[{\"type\":\"list_item\",\"props\":{\"content\":\"\n\n<p>Immediate change of scenery, off the beaten track<\/p>\n\n\",\"image\":\"wp-content\/uploads\/2026\/03\/lac-paladru-portrait-automne-camping-detente-clapotis.jpg\",\"image_alt\":\"Lac de Paladru in autumn \u2014 change of scenery for seminars, Is\u00e8re\"}},{\"type\":\"list_item\",\"props\":{\"content\":\"\n\n<p>Exclusive water and sporting activities on the lake<\/p>\n\n\",\"image\":\"wp-content\/uploads\/2022\/03\/schluchsee-g36300ba53_1280.jpg\",\"image_alt\":\"Water sports on Lac de Paladru for team building, Is\u00e8re\"}},{\"type\":\"list_item\",\"props\":{\"content\":\"\n\n<p>Independent accommodation for each team or management group<\/p>\n\n\",\"image\":\"wp-content\/uploads\/2022\/10\/natura02.jpg\",\"image_alt\":\"Natura Lodge \u2014 private accommodation for seminars at Lac de Paladru\"}},{\"type\":\"list_item\",\"props\":{\"content\":\"\n\n<p>Group catering and convivial spaces<\/p>\n\n\",\"image\":\"wp-content\/uploads\/2022\/03\/restaurant.jpg\",\"image_alt\":\"L'Annexe restaurant terrace \u2014 group catering, Lac de Paladru\"}}]},{\"type\":\"headline\",\"props\":{\"content\":\"How to organise your seminar at Lac de Paladru?\",\"image_align\":\"left\",\"image_margin\":\"xsmall\",\"title_element\":\"h2\"}},{\"type\":\"text\",\"props\":{\"column_breakpoint\":\"m\",\"content\":\"\n\n<p>Contact us with your dates, number of participants and specific requirements (accommodation, catering, activities). We will send you a personalised quote within 48 hours. Seminars are particularly popular from April to June and September to November \u2014 guaranteed availability and advantageous off-season rates.<\/p>\n\n\",\"margin_bottom\":\"default\",\"margin_top\":\"default\"}},{\"type\":\"divider\",\"props\":{\"divider_element\":\"hr\"}},{\"type\":\"button\",\"props\":{\"grid_column_gap\":\"small\",\"grid_row_gap\":\"small\",\"margin_bottom\":\"default\",\"margin_top\":\"default\"},\"children\":[{\"type\":\"button_item\",\"props\":{\"button_style\":\"default\",\"content\":\"REQUEST A QUOTE\",\"dialog_layout\":\"modal\",\"dialog_offcanvas_flip\":true,\"icon_align\":\"left\",\"link\":\"\",\"style\":\"primary\"}}]}]}]}]}],\"version\":\"5.0.29\"} --><\/p>\n","protected":false},"excerpt":{"rendered":"<p>SEMINAR &amp; TEAM BUILDINGAT LAC DE PALADRU \u00c0 40 minutes de Grenoble et de Lyon, organisez votre s\u00e9minaire dans un cadre naturel exceptionnel. H\u00e9bergements groupe, activit\u00e9s nautiques de team building, restauration sur place. Exceptional natural setting, 40 min from Grenoble and Lyon Group accommodation: Natura Lodges, Libella chalets (7 people), pitches Team building on the [&hellip;]<\/p>\n","protected":false},"author":3,"featured_media":0,"parent":0,"menu_order":0,"comment_status":"closed","ping_status":"closed","template":"","meta":{"_acf_changed":false,"footnotes":""},"class_list":["post-5311","page","type-page","status-publish","hentry"],"acf":[],"_links":{"self":[{"href":"https:\/\/www.detente-et-clapotis.fr\/en\/wp-json\/wp\/v2\/pages\/5311","targetHints":{"allow":["GET"]}}],"collection":[{"href":"https:\/\/www.detente-et-clapotis.fr\/en\/wp-json\/wp\/v2\/pages"}],"about":[{"href":"https:\/\/www.detente-et-clapotis.fr\/en\/wp-json\/wp\/v2\/types\/page"}],"author":[{"embeddable":true,"href":"https:\/\/www.detente-et-clapotis.fr\/en\/wp-json\/wp\/v2\/users\/3"}],"replies":[{"embeddable":true,"href":"https:\/\/www.detente-et-clapotis.fr\/en\/wp-json\/wp\/v2\/comments?post=5311"}],"version-history":[{"count":5,"href":"https:\/\/www.detente-et-clapotis.fr\/en\/wp-json\/wp\/v2\/pages\/5311\/revisions"}],"predecessor-version":[{"id":5352,"href":"https:\/\/www.detente-et-clapotis.fr\/en\/wp-json\/wp\/v2\/pages\/5311\/revisions\/5352"}],"wp:attachment":[{"href":"https:\/\/www.detente-et-clapotis.fr\/en\/wp-json\/wp\/v2\/media?parent=5311"}],"curies":[{"name":"wp","href":"https:\/\/api.w.org\/{rel}","templated":true}]}}