{"id":3708,"date":"2021-12-08T11:36:27","date_gmt":"2021-12-08T11:36:27","guid":{"rendered":"https:\/\/www.camping-montferrat.com\/legal-notices\/"},"modified":"2026-04-26T23:10:56","modified_gmt":"2026-04-26T23:10:56","slug":"legal-notices","status":"publish","type":"page","link":"https:\/\/www.detente-et-clapotis.fr\/en\/legal-notices\/","title":{"rendered":"Legal notices"},"content":{"rendered":"<h1>Imprint<\/h1>\n<div>\n<p>The www.detente-et-clapotis.fr (and camping-montferrat.com) website is edited by :\u00a0<br \/><strong>D\u00e9tentes et Clapotis &#8211; la V\u00e9ronni\u00e8re<\/strong>\u00a0<br \/>Soci\u00e9t\u00e9 Anonyme \u00e0 Responsabilit\u00e9 Limit\u00e9e, capital of 100.000 Euros, registered office : 1678 route des chevaliers de l&#8217;an mil &#8211; 38620 Montferrat\u00a0<br \/>Registered in the Registre du Commerce et des Soci\u00e9t\u00e9s de Vienne under the registration number RCS 792 048 555 00017<\/p>\n<p>The Director of publication is Mr GEOFFROY.<\/p>\n<p>The website www.detente-et-clapotis.fr is hosted by :\u00a0<br \/>SAS OVH<br \/>RCS Lille M\u00e9tropole 424 761 419 00045\u00a0<br \/>Code APE 6202A\u00a0<br \/>N\u00b0 TVA : FR 22 424 761 419\u00a0<br \/>Si\u00e8ge social : 2 rue Kellermann &#8211; 59100 Roubaix &#8211; France.<\/p>\n<p>Website created by :<br \/><a href=\"http:\/\/www.onaircom.fr\" target=\"_blank\" rel=\"noopener\">ON AIR COMMUNICATION<\/a>\u00a0&#8211; 13, boulevard Edgar Kofler &#8211; 38500 Voiron<\/p>\n<p>If you are subscribed to email information services, you can request to stop receiving these emails by either contacting the company above, or by following the instructions at the end of each of these emails when you receive them.<\/p>\n<p>D\u00e9-tentes et Clapotis la V\u00e9ronni\u00e8re offers on its website www.detente-et-clapotis.fr links to other websites. These links are established in agreement with the respective websites at a time when D\u00e9-tentes et Clapotis la V\u00e9ronni\u00e8re deemed it appropriate to do so, considering the content and services of these sites. D\u00e9-tentes et Clapotis la V\u00e9ronni\u00e8re cannot be held responsible for the content of these sites and their usage by users.<\/p>\n<p>Access to the website www.detente-et-clapotis.fr grants you a private and non-exclusive right to use this site. All the elements published on this site, including but not limited to texts, photographs, infographics, logos, trademarks, etc. are works within the meaning of the Intellectual Property Code.  As a result, any representation or reproduction, in whole or in part, that may be made without the consent of their authors or their beneficiaries, is unlawful.<\/p>\n<p>D\u00e9-tentes et Clapotis la V\u00e9ronni\u00e8re undertakes to make its best efforts to ensure that users have access to the site at all times. D\u00e9-tentes et Clapotis la V\u00e9ronni\u00e8re cannot be held responsible for any inconvenience caused by the unavailability of the site, for any reason whatsoever. For any information request, please submit your query via the link provided at the bottom of the page.<\/p>\n<\/div>\n<p><!--more--><br \/>\n<!-- {\"type\":\"layout\",\"children\":[{\"type\":\"section\",\"props\":{\"image_position\":\"center-center\",\"style\":\"default\",\"title_breakpoint\":\"xl\",\"title_position\":\"top-left\",\"title_rotation\":\"left\",\"vertical_align\":\"\",\"width\":\"default\"},\"children\":[{\"type\":\"row\",\"children\":[{\"type\":\"column\",\"props\":{\"image_position\":\"center-center\",\"position_sticky_breakpoint\":\"m\"},\"children\":[{\"type\":\"headline\",\"props\":{\"content\":\"Imprint\",\"image_align\":\"left\",\"image_margin\":\"xsmall\",\"title_element\":\"h1\"}},{\"type\":\"text\",\"props\":{\"column_breakpoint\":\"m\",\"content\":\"\n\n<p>The www.detente-et-clapotis.fr (and camping-montferrat.com) website is edited by :\u00a0<br \/><strong>D\u00e9tentes et Clapotis - la V\u00e9ronni\u00e8re<\/strong>\u00a0<br \/>Soci\u00e9t\u00e9 Anonyme \u00e0 Responsabilit\u00e9 Limit\u00e9e, capital of 100.000 Euros, registered office : 1678 route des chevaliers de l'an mil - 38620 Montferrat\u00a0<br \/>Registered in the Registre du Commerce et des Soci\u00e9t\u00e9s de Vienne under the registration number RCS 792 048 555 00017<\/p>\n\n\\n\n\n<p>The Director of publication is Mr GEOFFROY.<\/p>\n\n\\n\n\n<p>The website www.detente-et-clapotis.fr is hosted by :\u00a0<br \/>SAS OVH<br \/>RCS Lille M\u00e9tropole 424 761 419 00045\u00a0<br \/>Code APE 6202A\u00a0<br \/>N\u00b0 TVA : FR 22 424 761 419\u00a0<br \/>Si\u00e8ge social : 2 rue Kellermann - 59100 Roubaix - France.<\/p>\n\n\\n\n\n<p>Website created by :<br \/><a href=\\\"http:\/\/www.onaircom.fr\\\" target=\\\"_blank\\\" rel=\\\"noopener\\\">ON AIR COMMUNICATION<\/a>\u00a0- 13, boulevard Edgar Kofler - 38500 Voiron<\/p>\n\n\\n\n\n<p>If you are subscribed to email information services, you can request to stop receiving these emails by either contacting the company above, or by following the instructions at the end of each of these emails when you receive them.<\/p>\n\n\\n\n\n<p>D\u00e9-tentes et Clapotis la V\u00e9ronni\u00e8re offers on its website www.detente-et-clapotis.fr links to other websites. These links are established in agreement with the respective websites at a time when D\u00e9-tentes et Clapotis la V\u00e9ronni\u00e8re deemed it appropriate to do so, considering the content and services of these sites. D\u00e9-tentes et Clapotis la V\u00e9ronni\u00e8re cannot be held responsible for the content of these sites and their usage by users.<\/p>\n\n\\n\n\n<p>Access to the website www.detente-et-clapotis.fr grants you a private and non-exclusive right to use this site. All the elements published on this site, including but not limited to texts, photographs, infographics, logos, trademarks, etc. are works within the meaning of the Intellectual Property Code.  As a result, any representation or reproduction, in whole or in part, that may be made without the consent of their authors or their beneficiaries, is unlawful.<\/p>\n\n\\n\n\n<p>D\u00e9-tentes et Clapotis la V\u00e9ronni\u00e8re undertakes to make its best efforts to ensure that users have access to the site at all times. D\u00e9-tentes et Clapotis la V\u00e9ronni\u00e8re cannot be held responsible for any inconvenience caused by the unavailability of the site, for any reason whatsoever. For any information request, please submit your query via the link provided at the bottom of the page.<\/p>\n\n\",\"margin_bottom\":\"default\",\"margin_top\":\"default\"}}]}]}]}],\"version\":\"5.0.29\",\"yooessentialsVersion\":\"3.0.5\"} --><\/p>\n","protected":false},"excerpt":{"rendered":"<p>Imprint The www.detente-et-clapotis.fr (and camping-montferrat.com) website is edited by :\u00a0D\u00e9tentes et Clapotis &#8211; la V\u00e9ronni\u00e8re\u00a0Soci\u00e9t\u00e9 Anonyme \u00e0 Responsabilit\u00e9 Limit\u00e9e, capital of 100.000 Euros, registered office : 1678 route des chevaliers de l&#8217;an mil &#8211; 38620 Montferrat\u00a0Registered in the Registre du Commerce et des Soci\u00e9t\u00e9s de Vienne under the registration number RCS 792 048 555 00017 [&hellip;]<\/p>\n","protected":false},"author":1,"featured_media":0,"parent":0,"menu_order":0,"comment_status":"closed","ping_status":"closed","template":"","meta":{"_acf_changed":false,"footnotes":""},"class_list":["post-3708","page","type-page","status-publish","hentry"],"acf":[],"_links":{"self":[{"href":"https:\/\/www.detente-et-clapotis.fr\/en\/wp-json\/wp\/v2\/pages\/3708","targetHints":{"allow":["GET"]}}],"collection":[{"href":"https:\/\/www.detente-et-clapotis.fr\/en\/wp-json\/wp\/v2\/pages"}],"about":[{"href":"https:\/\/www.detente-et-clapotis.fr\/en\/wp-json\/wp\/v2\/types\/page"}],"author":[{"embeddable":true,"href":"https:\/\/www.detente-et-clapotis.fr\/en\/wp-json\/wp\/v2\/users\/1"}],"replies":[{"embeddable":true,"href":"https:\/\/www.detente-et-clapotis.fr\/en\/wp-json\/wp\/v2\/comments?post=3708"}],"version-history":[{"count":11,"href":"https:\/\/www.detente-et-clapotis.fr\/en\/wp-json\/wp\/v2\/pages\/3708\/revisions"}],"predecessor-version":[{"id":5224,"href":"https:\/\/www.detente-et-clapotis.fr\/en\/wp-json\/wp\/v2\/pages\/3708\/revisions\/5224"}],"wp:attachment":[{"href":"https:\/\/www.detente-et-clapotis.fr\/en\/wp-json\/wp\/v2\/media?parent=3708"}],"curies":[{"name":"wp","href":"https:\/\/api.w.org\/{rel}","templated":true}]}}